{"id":24,"date":"2025-11-27T02:28:55","date_gmt":"2025-11-27T08:28:55","guid":{"rendered":"https:\/\/ksa.directorio-comercial.com\/?page_id=24"},"modified":"2025-11-27T03:11:33","modified_gmt":"2025-11-27T09:11:33","slug":"servicios","status":"publish","type":"page","link":"https:\/\/ksa.directorio-comercial.com\/?page_id=24","title":{"rendered":"Servicios"},"content":{"rendered":"\n<div class=\"wp-block-group has-global-padding is-layout-constrained wp-block-group-is-layout-constrained\">\n<h2 class=\"wp-block-heading has-text-align-center\">Contamos con servicios para<\/h2>\n<\/div>\n\n\n\n<div class=\"wp-block-group has-global-padding is-layout-constrained wp-block-group-is-layout-constrained\">\n<div class=\"wp-block-group is-content-justification-center is-nowrap is-layout-flex wp-container-core-group-is-layout-23441af8 wp-block-group-is-layout-flex\">\n<div><div class=\"gb-looper-4e4dcf6b\">\n<div class=\"gb-loop-item gb-loop-item-b89b5816 post-64 servicio type-servicio status-publish hentry\">\n<div class=\"wp-block-group is-content-justification-center is-nowrap is-layout-flex wp-container-core-group-is-layout-23441af8 wp-block-group-is-layout-flex\">\n<div class=\"wp-block-columns is-layout-flex wp-container-core-columns-is-layout-28f84493 wp-block-columns-is-layout-flex\">\n<div class=\"wp-block-column is-layout-flow wp-block-column-is-layout-flow\" style=\"flex-basis:33.33%\">\n<img loading=\"lazy\" decoding=\"async\" width=\"1024\" height=\"1536\" data-media-id=\"65\" class=\"gb-media-66b42dab\" src=\"https:\/\/ksa.directorio-comercial.com\/wp-content\/uploads\/2025\/11\/Electrolipolisis.png\" alt=\"Electrolip\u00f3lisis\" srcset=\"https:\/\/ksa.directorio-comercial.com\/wp-content\/uploads\/2025\/11\/Electrolipolisis.png 1024w, https:\/\/ksa.directorio-comercial.com\/wp-content\/uploads\/2025\/11\/Electrolipolisis-200x300.png 200w, https:\/\/ksa.directorio-comercial.com\/wp-content\/uploads\/2025\/11\/Electrolipolisis-683x1024.png 683w, https:\/\/ksa.directorio-comercial.com\/wp-content\/uploads\/2025\/11\/Electrolipolisis-768x1152.png 768w\" sizes=\"auto, (max-width: 1024px) 100vw, 1024px\" \/>\n<\/div>\n\n\n\n<div class=\"wp-block-column is-layout-flow wp-block-column-is-layout-flow\" style=\"flex-basis:66.66%\">\n<h2 class=\"gb-text gb-text-3817aad4\">Electrolip\u00f3lisis<\/h2>\n\n\n\n<p class=\"gb-text gb-text-357c338e\">Tratamiento est\u00e9tico que utiliza microcorrientes para reducir grasa localizada y mejorar la apariencia de la piel.<\/p>\n<\/div>\n<\/div>\n<\/div>\n<\/div>\n\n<div class=\"gb-loop-item gb-loop-item-b89b5816 post-61 servicio type-servicio status-publish hentry\">\n<div class=\"wp-block-group is-content-justification-center is-nowrap is-layout-flex wp-container-core-group-is-layout-23441af8 wp-block-group-is-layout-flex\">\n<div class=\"wp-block-columns is-layout-flex wp-container-core-columns-is-layout-28f84493 wp-block-columns-is-layout-flex\">\n<div class=\"wp-block-column is-layout-flow wp-block-column-is-layout-flow\" style=\"flex-basis:33.33%\">\n<img loading=\"lazy\" decoding=\"async\" width=\"1024\" height=\"1536\" data-media-id=\"62\" class=\"gb-media-66b42dab\" src=\"https:\/\/ksa.directorio-comercial.com\/wp-content\/uploads\/2025\/11\/DescargaMuscular.png\" alt=\"Descargas musculares\" srcset=\"https:\/\/ksa.directorio-comercial.com\/wp-content\/uploads\/2025\/11\/DescargaMuscular.png 1024w, https:\/\/ksa.directorio-comercial.com\/wp-content\/uploads\/2025\/11\/DescargaMuscular-200x300.png 200w, https:\/\/ksa.directorio-comercial.com\/wp-content\/uploads\/2025\/11\/DescargaMuscular-683x1024.png 683w, https:\/\/ksa.directorio-comercial.com\/wp-content\/uploads\/2025\/11\/DescargaMuscular-768x1152.png 768w\" sizes=\"auto, (max-width: 1024px) 100vw, 1024px\" \/>\n<\/div>\n\n\n\n<div class=\"wp-block-column is-layout-flow wp-block-column-is-layout-flow\" style=\"flex-basis:66.66%\">\n<h2 class=\"gb-text gb-text-3817aad4\">Descargas musculares<\/h2>\n\n\n\n<p class=\"gb-text gb-text-357c338e\">T\u00e9cnicas manuales y terap\u00e9uticas para liberar tensi\u00f3n, mejorar circulaci\u00f3n y reducir fatiga muscular.<\/p>\n<\/div>\n<\/div>\n<\/div>\n<\/div>\n\n<div class=\"gb-loop-item gb-loop-item-b89b5816 post-59 servicio type-servicio status-publish hentry\">\n<div class=\"wp-block-group is-content-justification-center is-nowrap is-layout-flex wp-container-core-group-is-layout-23441af8 wp-block-group-is-layout-flex\">\n<div class=\"wp-block-columns is-layout-flex wp-container-core-columns-is-layout-28f84493 wp-block-columns-is-layout-flex\">\n<div class=\"wp-block-column is-layout-flow wp-block-column-is-layout-flow\" style=\"flex-basis:33.33%\">\n<img loading=\"lazy\" decoding=\"async\" width=\"1024\" height=\"1536\" data-media-id=\"60\" class=\"gb-media-66b42dab\" src=\"https:\/\/ksa.directorio-comercial.com\/wp-content\/uploads\/2025\/11\/Luxaciones.png\" alt=\"Luxaciones\/subluxaciones\" srcset=\"https:\/\/ksa.directorio-comercial.com\/wp-content\/uploads\/2025\/11\/Luxaciones.png 1024w, https:\/\/ksa.directorio-comercial.com\/wp-content\/uploads\/2025\/11\/Luxaciones-200x300.png 200w, https:\/\/ksa.directorio-comercial.com\/wp-content\/uploads\/2025\/11\/Luxaciones-683x1024.png 683w, https:\/\/ksa.directorio-comercial.com\/wp-content\/uploads\/2025\/11\/Luxaciones-768x1152.png 768w\" sizes=\"auto, (max-width: 1024px) 100vw, 1024px\" \/>\n<\/div>\n\n\n\n<div class=\"wp-block-column is-layout-flow wp-block-column-is-layout-flow\" style=\"flex-basis:66.66%\">\n<h2 class=\"gb-text gb-text-3817aad4\">Luxaciones\/subluxaciones<\/h2>\n\n\n\n<p class=\"gb-text gb-text-357c338e\">Rehabilitaci\u00f3n para recuperar estabilidad y movilidad despu\u00e9s de una luxaci\u00f3n o subluxaci\u00f3n, evitando recurrencias.<\/p>\n<\/div>\n<\/div>\n<\/div>\n<\/div>\n\n<div class=\"gb-loop-item gb-loop-item-b89b5816 post-57 servicio type-servicio status-publish hentry\">\n<div class=\"wp-block-group is-content-justification-center is-nowrap is-layout-flex wp-container-core-group-is-layout-23441af8 wp-block-group-is-layout-flex\">\n<div class=\"wp-block-columns is-layout-flex wp-container-core-columns-is-layout-28f84493 wp-block-columns-is-layout-flex\">\n<div class=\"wp-block-column is-layout-flow wp-block-column-is-layout-flow\" style=\"flex-basis:33.33%\">\n<img loading=\"lazy\" decoding=\"async\" width=\"1024\" height=\"1536\" data-media-id=\"58\" class=\"gb-media-66b42dab\" src=\"https:\/\/ksa.directorio-comercial.com\/wp-content\/uploads\/2025\/11\/Hernias.png\" alt=\"Hernias discales\" srcset=\"https:\/\/ksa.directorio-comercial.com\/wp-content\/uploads\/2025\/11\/Hernias.png 1024w, https:\/\/ksa.directorio-comercial.com\/wp-content\/uploads\/2025\/11\/Hernias-200x300.png 200w, https:\/\/ksa.directorio-comercial.com\/wp-content\/uploads\/2025\/11\/Hernias-683x1024.png 683w\" sizes=\"auto, (max-width: 1024px) 100vw, 1024px\" \/>\n<\/div>\n\n\n\n<div class=\"wp-block-column is-layout-flow wp-block-column-is-layout-flow\" style=\"flex-basis:66.66%\">\n<h2 class=\"gb-text gb-text-3817aad4\">Hernias discales<\/h2>\n\n\n\n<p class=\"gb-text gb-text-357c338e\">Tratamiento para reducir el dolor ci\u00e1tico y lumbar causado por hernia de disco, mejorando movilidad y estabilidad de la columna.<\/p>\n<\/div>\n<\/div>\n<\/div>\n<\/div>\n\n<div class=\"gb-loop-item gb-loop-item-b89b5816 post-55 servicio type-servicio status-publish hentry\">\n<div class=\"wp-block-group is-content-justification-center is-nowrap is-layout-flex wp-container-core-group-is-layout-23441af8 wp-block-group-is-layout-flex\">\n<div class=\"wp-block-columns is-layout-flex wp-container-core-columns-is-layout-28f84493 wp-block-columns-is-layout-flex\">\n<div class=\"wp-block-column is-layout-flow wp-block-column-is-layout-flow\" style=\"flex-basis:33.33%\">\n<img loading=\"lazy\" decoding=\"async\" width=\"1024\" height=\"1536\" data-media-id=\"56\" class=\"gb-media-66b42dab\" src=\"https:\/\/ksa.directorio-comercial.com\/wp-content\/uploads\/2025\/11\/rediculopatias.png\" alt=\"Radiculopat\u00edas\" srcset=\"https:\/\/ksa.directorio-comercial.com\/wp-content\/uploads\/2025\/11\/rediculopatias.png 1024w, https:\/\/ksa.directorio-comercial.com\/wp-content\/uploads\/2025\/11\/rediculopatias-200x300.png 200w, https:\/\/ksa.directorio-comercial.com\/wp-content\/uploads\/2025\/11\/rediculopatias-683x1024.png 683w, https:\/\/ksa.directorio-comercial.com\/wp-content\/uploads\/2025\/11\/rediculopatias-768x1152.png 768w\" sizes=\"auto, (max-width: 1024px) 100vw, 1024px\" \/>\n<\/div>\n\n\n\n<div class=\"wp-block-column is-layout-flow wp-block-column-is-layout-flow\" style=\"flex-basis:66.66%\">\n<h2 class=\"gb-text gb-text-3817aad4\">Radiculopat\u00edas<\/h2>\n\n\n\n<p class=\"gb-text gb-text-357c338e\">Terapias para aliviar compresi\u00f3n o irritaci\u00f3n nerviosa que provoca dolor irradiado, adormecimiento o debilidad.<\/p>\n<\/div>\n<\/div>\n<\/div>\n<\/div>\n\n<div class=\"gb-loop-item gb-loop-item-b89b5816 post-53 servicio type-servicio status-publish hentry\">\n<div class=\"wp-block-group is-content-justification-center is-nowrap is-layout-flex wp-container-core-group-is-layout-23441af8 wp-block-group-is-layout-flex\">\n<div class=\"wp-block-columns is-layout-flex wp-container-core-columns-is-layout-28f84493 wp-block-columns-is-layout-flex\">\n<div class=\"wp-block-column is-layout-flow wp-block-column-is-layout-flow\" style=\"flex-basis:33.33%\">\n<img loading=\"lazy\" decoding=\"async\" width=\"1024\" height=\"1536\" data-media-id=\"54\" class=\"gb-media-66b42dab\" src=\"https:\/\/ksa.directorio-comercial.com\/wp-content\/uploads\/2025\/11\/protesis.png\" alt=\"Pr\u00f3tesis\" srcset=\"https:\/\/ksa.directorio-comercial.com\/wp-content\/uploads\/2025\/11\/protesis.png 1024w, https:\/\/ksa.directorio-comercial.com\/wp-content\/uploads\/2025\/11\/protesis-200x300.png 200w, https:\/\/ksa.directorio-comercial.com\/wp-content\/uploads\/2025\/11\/protesis-683x1024.png 683w, https:\/\/ksa.directorio-comercial.com\/wp-content\/uploads\/2025\/11\/protesis-768x1152.png 768w\" sizes=\"auto, (max-width: 1024px) 100vw, 1024px\" \/>\n<\/div>\n\n\n\n<div class=\"wp-block-column is-layout-flow wp-block-column-is-layout-flow\" style=\"flex-basis:66.66%\">\n<h2 class=\"gb-text gb-text-3817aad4\">Pr\u00f3tesis<\/h2>\n\n\n\n<p class=\"gb-text gb-text-357c338e\">Acompa\u00f1amiento y rehabilitaci\u00f3n para pacientes con pr\u00f3tesis, orientado a readaptaci\u00f3n funcional, marcha y fortalecimiento.<\/p>\n<\/div>\n<\/div>\n<\/div>\n<\/div>\n\n<div class=\"gb-loop-item gb-loop-item-b89b5816 post-51 servicio type-servicio status-publish hentry\">\n<div class=\"wp-block-group is-content-justification-center is-nowrap is-layout-flex wp-container-core-group-is-layout-23441af8 wp-block-group-is-layout-flex\">\n<div class=\"wp-block-columns is-layout-flex wp-container-core-columns-is-layout-28f84493 wp-block-columns-is-layout-flex\">\n<div class=\"wp-block-column is-layout-flow wp-block-column-is-layout-flow\" style=\"flex-basis:33.33%\">\n<img loading=\"lazy\" decoding=\"async\" width=\"1024\" height=\"1536\" data-media-id=\"52\" class=\"gb-media-66b42dab\" src=\"https:\/\/ksa.directorio-comercial.com\/wp-content\/uploads\/2025\/11\/DesgasteArticulas.png\" alt=\"Desgaste articular\" srcset=\"https:\/\/ksa.directorio-comercial.com\/wp-content\/uploads\/2025\/11\/DesgasteArticulas.png 1024w, https:\/\/ksa.directorio-comercial.com\/wp-content\/uploads\/2025\/11\/DesgasteArticulas-200x300.png 200w, https:\/\/ksa.directorio-comercial.com\/wp-content\/uploads\/2025\/11\/DesgasteArticulas-683x1024.png 683w, https:\/\/ksa.directorio-comercial.com\/wp-content\/uploads\/2025\/11\/DesgasteArticulas-768x1152.png 768w\" sizes=\"auto, (max-width: 1024px) 100vw, 1024px\" \/>\n<\/div>\n\n\n\n<div class=\"wp-block-column is-layout-flow wp-block-column-is-layout-flow\" style=\"flex-basis:66.66%\">\n<h2 class=\"gb-text gb-text-3817aad4\">Desgaste articular<\/h2>\n\n\n\n<p class=\"gb-text gb-text-357c338e\">Terapias para disminuir dolor y rigidez debido a desgaste del cart\u00edlago, mejorando movilidad y calidad de vida.<\/p>\n<\/div>\n<\/div>\n<\/div>\n<\/div>\n\n<div class=\"gb-loop-item gb-loop-item-b89b5816 post-49 servicio type-servicio status-publish hentry\">\n<div class=\"wp-block-group is-content-justification-center is-nowrap is-layout-flex wp-container-core-group-is-layout-23441af8 wp-block-group-is-layout-flex\">\n<div class=\"wp-block-columns is-layout-flex wp-container-core-columns-is-layout-28f84493 wp-block-columns-is-layout-flex\">\n<div class=\"wp-block-column is-layout-flow wp-block-column-is-layout-flow\" style=\"flex-basis:33.33%\">\n<img loading=\"lazy\" decoding=\"async\" width=\"1024\" height=\"1536\" data-media-id=\"50\" class=\"gb-media-66b42dab\" src=\"https:\/\/ksa.directorio-comercial.com\/wp-content\/uploads\/2025\/11\/epicondilitis.png\" alt=\"Epicondilitis\/Epitrocleitis\" srcset=\"https:\/\/ksa.directorio-comercial.com\/wp-content\/uploads\/2025\/11\/epicondilitis.png 1024w, https:\/\/ksa.directorio-comercial.com\/wp-content\/uploads\/2025\/11\/epicondilitis-200x300.png 200w, https:\/\/ksa.directorio-comercial.com\/wp-content\/uploads\/2025\/11\/epicondilitis-683x1024.png 683w, https:\/\/ksa.directorio-comercial.com\/wp-content\/uploads\/2025\/11\/epicondilitis-768x1152.png 768w\" sizes=\"auto, (max-width: 1024px) 100vw, 1024px\" \/>\n<\/div>\n\n\n\n<div class=\"wp-block-column is-layout-flow wp-block-column-is-layout-flow\" style=\"flex-basis:66.66%\">\n<h2 class=\"gb-text gb-text-3817aad4\">Epicondilitis\/Epitrocleitis<\/h2>\n\n\n\n<p class=\"gb-text gb-text-357c338e\">Manejo terap\u00e9utico del dolor en codo asociado a sobreuso, con t\u00e9cnicas que reducen la inflamaci\u00f3n y mejoran la fuerza del antebraz<\/p>\n<\/div>\n<\/div>\n<\/div>\n<\/div>\n\n<div class=\"gb-loop-item gb-loop-item-b89b5816 post-47 servicio type-servicio status-publish hentry\">\n<div class=\"wp-block-group is-content-justification-center is-nowrap is-layout-flex wp-container-core-group-is-layout-23441af8 wp-block-group-is-layout-flex\">\n<div class=\"wp-block-columns is-layout-flex wp-container-core-columns-is-layout-28f84493 wp-block-columns-is-layout-flex\">\n<div class=\"wp-block-column is-layout-flow wp-block-column-is-layout-flow\" style=\"flex-basis:33.33%\">\n<img loading=\"lazy\" decoding=\"async\" width=\"1024\" height=\"1536\" data-media-id=\"48\" class=\"gb-media-66b42dab\" src=\"https:\/\/ksa.directorio-comercial.com\/wp-content\/uploads\/2025\/11\/Lumbalgia.png\" alt=\"Lumbalgia\" srcset=\"https:\/\/ksa.directorio-comercial.com\/wp-content\/uploads\/2025\/11\/Lumbalgia.png 1024w, https:\/\/ksa.directorio-comercial.com\/wp-content\/uploads\/2025\/11\/Lumbalgia-200x300.png 200w, https:\/\/ksa.directorio-comercial.com\/wp-content\/uploads\/2025\/11\/Lumbalgia-683x1024.png 683w, https:\/\/ksa.directorio-comercial.com\/wp-content\/uploads\/2025\/11\/Lumbalgia-768x1152.png 768w\" sizes=\"auto, (max-width: 1024px) 100vw, 1024px\" \/>\n<\/div>\n\n\n\n<div class=\"wp-block-column is-layout-flow wp-block-column-is-layout-flow\" style=\"flex-basis:66.66%\">\n<h2 class=\"gb-text gb-text-3817aad4\">Lumbalgia<\/h2>\n\n\n\n<p class=\"gb-text gb-text-357c338e\">Tratamiento del dolor lumbar mediante t\u00e9cnicas de relajaci\u00f3n muscular, movilidad, correcci\u00f3n postural y fortalecimiento del core.<\/p>\n<\/div>\n<\/div>\n<\/div>\n<\/div>\n\n<div class=\"gb-loop-item gb-loop-item-b89b5816 post-45 servicio type-servicio status-publish hentry\">\n<div class=\"wp-block-group is-content-justification-center is-nowrap is-layout-flex wp-container-core-group-is-layout-23441af8 wp-block-group-is-layout-flex\">\n<div class=\"wp-block-columns is-layout-flex wp-container-core-columns-is-layout-28f84493 wp-block-columns-is-layout-flex\">\n<div class=\"wp-block-column is-layout-flow wp-block-column-is-layout-flow\" style=\"flex-basis:33.33%\">\n<img loading=\"lazy\" decoding=\"async\" width=\"1024\" height=\"1536\" data-media-id=\"46\" class=\"gb-media-66b42dab\" src=\"https:\/\/ksa.directorio-comercial.com\/wp-content\/uploads\/2025\/11\/Fracturas.png\" alt=\"Fracturas\" srcset=\"https:\/\/ksa.directorio-comercial.com\/wp-content\/uploads\/2025\/11\/Fracturas.png 1024w, https:\/\/ksa.directorio-comercial.com\/wp-content\/uploads\/2025\/11\/Fracturas-200x300.png 200w, https:\/\/ksa.directorio-comercial.com\/wp-content\/uploads\/2025\/11\/Fracturas-683x1024.png 683w, https:\/\/ksa.directorio-comercial.com\/wp-content\/uploads\/2025\/11\/Fracturas-768x1152.png 768w\" sizes=\"auto, (max-width: 1024px) 100vw, 1024px\" \/>\n<\/div>\n\n\n\n<div class=\"wp-block-column is-layout-flow wp-block-column-is-layout-flow\" style=\"flex-basis:66.66%\">\n<h2 class=\"gb-text gb-text-3817aad4\">Fracturas<\/h2>\n\n\n\n<p class=\"gb-text gb-text-357c338e\">Rehabilitaci\u00f3n posterior a inmovilizaci\u00f3n o cirug\u00eda para recuperar movilidad, fuerza y funci\u00f3n del \u00e1rea afectada.<\/p>\n<\/div>\n<\/div>\n<\/div>\n<\/div>\n\n<div class=\"gb-loop-item gb-loop-item-b89b5816 post-43 servicio type-servicio status-publish hentry\">\n<div class=\"wp-block-group is-content-justification-center is-nowrap is-layout-flex wp-container-core-group-is-layout-23441af8 wp-block-group-is-layout-flex\">\n<div class=\"wp-block-columns is-layout-flex wp-container-core-columns-is-layout-28f84493 wp-block-columns-is-layout-flex\">\n<div class=\"wp-block-column is-layout-flow wp-block-column-is-layout-flow\" style=\"flex-basis:33.33%\">\n<img loading=\"lazy\" decoding=\"async\" width=\"1024\" height=\"1536\" data-media-id=\"44\" class=\"gb-media-66b42dab\" src=\"https:\/\/ksa.directorio-comercial.com\/wp-content\/uploads\/2025\/11\/Meniscopatias.png\" alt=\"Meniscopat\u00edas\" srcset=\"https:\/\/ksa.directorio-comercial.com\/wp-content\/uploads\/2025\/11\/Meniscopatias.png 1024w, https:\/\/ksa.directorio-comercial.com\/wp-content\/uploads\/2025\/11\/Meniscopatias-200x300.png 200w, https:\/\/ksa.directorio-comercial.com\/wp-content\/uploads\/2025\/11\/Meniscopatias-683x1024.png 683w, https:\/\/ksa.directorio-comercial.com\/wp-content\/uploads\/2025\/11\/Meniscopatias-768x1152.png 768w\" sizes=\"auto, (max-width: 1024px) 100vw, 1024px\" \/>\n<\/div>\n\n\n\n<div class=\"wp-block-column is-layout-flow wp-block-column-is-layout-flow\" style=\"flex-basis:66.66%\">\n<h2 class=\"gb-text gb-text-3817aad4\">Meniscopat\u00edas<\/h2>\n\n\n\n<p class=\"gb-text gb-text-357c338e\">Manejo terap\u00e9utico del dolor y limitaci\u00f3n funcional en lesiones de menisco, promoviendo estabilidad y movilidad en la articulaci\u00f3n de la rodilla.<\/p>\n<\/div>\n<\/div>\n<\/div>\n<\/div>\n\n<div class=\"gb-loop-item gb-loop-item-b89b5816 post-41 servicio type-servicio status-publish hentry\">\n<div class=\"wp-block-group is-content-justification-center is-nowrap is-layout-flex wp-container-core-group-is-layout-23441af8 wp-block-group-is-layout-flex\">\n<div class=\"wp-block-columns is-layout-flex wp-container-core-columns-is-layout-28f84493 wp-block-columns-is-layout-flex\">\n<div class=\"wp-block-column is-layout-flow wp-block-column-is-layout-flow\" style=\"flex-basis:33.33%\">\n<img loading=\"lazy\" decoding=\"async\" width=\"1024\" height=\"1536\" data-media-id=\"42\" class=\"gb-media-66b42dab\" src=\"https:\/\/ksa.directorio-comercial.com\/wp-content\/uploads\/2025\/11\/Esguinces.png\" alt=\"Esguinces\" srcset=\"https:\/\/ksa.directorio-comercial.com\/wp-content\/uploads\/2025\/11\/Esguinces.png 1024w, https:\/\/ksa.directorio-comercial.com\/wp-content\/uploads\/2025\/11\/Esguinces-200x300.png 200w, https:\/\/ksa.directorio-comercial.com\/wp-content\/uploads\/2025\/11\/Esguinces-683x1024.png 683w, https:\/\/ksa.directorio-comercial.com\/wp-content\/uploads\/2025\/11\/Esguinces-768x1152.png 768w\" sizes=\"auto, (max-width: 1024px) 100vw, 1024px\" \/>\n<\/div>\n\n\n\n<div class=\"wp-block-column is-layout-flow wp-block-column-is-layout-flow\" style=\"flex-basis:66.66%\">\n<h2 class=\"gb-text gb-text-3817aad4\">Esguinces<\/h2>\n\n\n\n<p class=\"gb-text gb-text-357c338e\">Terapia para recuperar estabilidad, movilidad y fuerza en ligamentos afectados por torceduras, evitando secuelas a largo plazo.<\/p>\n<\/div>\n<\/div>\n<\/div>\n<\/div>\n\n<div class=\"gb-loop-item gb-loop-item-b89b5816 post-39 servicio type-servicio status-publish hentry\">\n<div class=\"wp-block-group is-content-justification-center is-nowrap is-layout-flex wp-container-core-group-is-layout-23441af8 wp-block-group-is-layout-flex\">\n<div class=\"wp-block-columns is-layout-flex wp-container-core-columns-is-layout-28f84493 wp-block-columns-is-layout-flex\">\n<div class=\"wp-block-column is-layout-flow wp-block-column-is-layout-flow\" style=\"flex-basis:33.33%\">\n<img loading=\"lazy\" decoding=\"async\" width=\"1024\" height=\"1536\" data-media-id=\"40\" class=\"gb-media-66b42dab\" src=\"https:\/\/ksa.directorio-comercial.com\/wp-content\/uploads\/2025\/11\/Tendinopatias.png\" alt=\"Tendinopat\u00edas\" srcset=\"https:\/\/ksa.directorio-comercial.com\/wp-content\/uploads\/2025\/11\/Tendinopatias.png 1024w, https:\/\/ksa.directorio-comercial.com\/wp-content\/uploads\/2025\/11\/Tendinopatias-200x300.png 200w, https:\/\/ksa.directorio-comercial.com\/wp-content\/uploads\/2025\/11\/Tendinopatias-683x1024.png 683w, https:\/\/ksa.directorio-comercial.com\/wp-content\/uploads\/2025\/11\/Tendinopatias-768x1152.png 768w\" sizes=\"auto, (max-width: 1024px) 100vw, 1024px\" \/>\n<\/div>\n\n\n\n<div class=\"wp-block-column is-layout-flow wp-block-column-is-layout-flow\" style=\"flex-basis:66.66%\">\n<h2 class=\"gb-text gb-text-3817aad4\">Tendinopat\u00edas<\/h2>\n\n\n\n<p class=\"gb-text gb-text-357c338e\">Rehabilitaci\u00f3n de tendones inflamados o degenerados para recuperar fuerza, elasticidad y movimiento sin dolor.<\/p>\n<\/div>\n<\/div>\n<\/div>\n<\/div>\n\n<div class=\"gb-loop-item gb-loop-item-b89b5816 post-36 servicio type-servicio status-publish hentry\">\n<div class=\"wp-block-group is-content-justification-center is-nowrap is-layout-flex wp-container-core-group-is-layout-23441af8 wp-block-group-is-layout-flex\">\n<div class=\"wp-block-columns is-layout-flex wp-container-core-columns-is-layout-28f84493 wp-block-columns-is-layout-flex\">\n<div class=\"wp-block-column is-layout-flow wp-block-column-is-layout-flow\" style=\"flex-basis:33.33%\">\n<img loading=\"lazy\" decoding=\"async\" width=\"1024\" height=\"1536\" data-media-id=\"37\" class=\"gb-media-66b42dab\" src=\"https:\/\/ksa.directorio-comercial.com\/wp-content\/uploads\/2025\/11\/fasciopatia.png\" alt=\"Fasciopat\u00eda plantar\" srcset=\"https:\/\/ksa.directorio-comercial.com\/wp-content\/uploads\/2025\/11\/fasciopatia.png 1024w, https:\/\/ksa.directorio-comercial.com\/wp-content\/uploads\/2025\/11\/fasciopatia-200x300.png 200w, https:\/\/ksa.directorio-comercial.com\/wp-content\/uploads\/2025\/11\/fasciopatia-683x1024.png 683w\" sizes=\"auto, (max-width: 1024px) 100vw, 1024px\" \/>\n<\/div>\n\n\n\n<div class=\"wp-block-column is-layout-flow wp-block-column-is-layout-flow\" style=\"flex-basis:66.66%\">\n<h2 class=\"gb-text gb-text-3817aad4\">Fasciopat\u00eda plantar<\/h2>\n\n\n\n<p class=\"gb-text gb-text-357c338e\">Abordaje integral del dolor en la planta del pie mediante terapias que reducen la tensi\u00f3n, desinflaman la fascia y restauran la biomec\u00e1nica del paso.<\/p>\n<\/div>\n<\/div>\n<\/div>\n<\/div>\n<\/div><\/div>\n<\/div>\n<\/div>\n","protected":false},"excerpt":{"rendered":"<p>Contamos con servicios para<\/p>\n","protected":false},"author":1,"featured_media":0,"parent":0,"menu_order":0,"comment_status":"closed","ping_status":"closed","template":"page-no-title","meta":{"_acf_changed":false,"footnotes":""},"class_list":["post-24","page","type-page","status-publish","hentry"],"acf":[],"_links":{"self":[{"href":"https:\/\/ksa.directorio-comercial.com\/index.php?rest_route=\/wp\/v2\/pages\/24","targetHints":{"allow":["GET"]}}],"collection":[{"href":"https:\/\/ksa.directorio-comercial.com\/index.php?rest_route=\/wp\/v2\/pages"}],"about":[{"href":"https:\/\/ksa.directorio-comercial.com\/index.php?rest_route=\/wp\/v2\/types\/page"}],"author":[{"embeddable":true,"href":"https:\/\/ksa.directorio-comercial.com\/index.php?rest_route=\/wp\/v2\/users\/1"}],"replies":[{"embeddable":true,"href":"https:\/\/ksa.directorio-comercial.com\/index.php?rest_route=%2Fwp%2Fv2%2Fcomments&post=24"}],"version-history":[{"count":5,"href":"https:\/\/ksa.directorio-comercial.com\/index.php?rest_route=\/wp\/v2\/pages\/24\/revisions"}],"predecessor-version":[{"id":76,"href":"https:\/\/ksa.directorio-comercial.com\/index.php?rest_route=\/wp\/v2\/pages\/24\/revisions\/76"}],"wp:attachment":[{"href":"https:\/\/ksa.directorio-comercial.com\/index.php?rest_route=%2Fwp%2Fv2%2Fmedia&parent=24"}],"curies":[{"name":"wp","href":"https:\/\/api.w.org\/{rel}","templated":true}]}}